{"id":3,"date":"2021-03-16T09:26:26","date_gmt":"2021-03-16T09:26:26","guid":{"rendered":"https:\/\/www.magmasap.com\/?page_id=3"},"modified":"2025-11-17T13:55:42","modified_gmt":"2025-11-17T13:55:42","slug":"polityka-prywatnosci","status":"publish","type":"page","link":"https:\/\/www.magmasap.com\/sv\/polityka-prywatnosci\/","title":{"rendered":"Integritetspolicy"},"content":{"rendered":"<div data-elementor-type=\"wp-page\" data-elementor-id=\"3\" class=\"elementor elementor-3\" data-elementor-settings=\"{&quot;ha_cmc_init_switcher&quot;:&quot;no&quot;}\" data-elementor-post-type=\"page\">\n\t\t\t\t\t\t<section class=\"elementor-section elementor-top-section elementor-element elementor-element-9e27b5d elementor-section-boxed elementor-section-height-default elementor-section-height-default\" data-id=\"9e27b5d\" data-element_type=\"section\" data-settings=\"{&quot;_ha_eqh_enable&quot;:false}\" data-no-translation=\"\">\n\t\t\t\t\t\t<div class=\"elementor-container elementor-column-gap-default\">\n\t\t\t\t\t<div class=\"elementor-column elementor-col-100 elementor-top-column elementor-element elementor-element-7373023\" data-id=\"7373023\" data-element_type=\"column\">\n\t\t\t<div class=\"elementor-widget-wrap elementor-element-populated\">\n\t\t\t\t\t\t<div class=\"elementor-element elementor-element-f4c5163 elementor-widget elementor-widget-heading\" data-id=\"f4c5163\" data-element_type=\"widget\" data-widget_type=\"heading.default\">\n\t\t\t\t<div class=\"elementor-widget-container\">\n\t\t\t\t\t<h2 class=\"elementor-heading-title elementor-size-default\">Integritetspolicy f\u00f6r Magma S.A.P. Sp. z o.o.<\/h2>\t\t\t\t<\/div>\n\t\t\t\t<\/div>\n\t\t\t\t<div class=\"elementor-element elementor-element-274f4b4 elementor-widget elementor-widget-text-editor\" data-id=\"274f4b4\" data-element_type=\"widget\" data-widget_type=\"text-editor.default\">\n\t\t\t\t<div class=\"elementor-widget-container\">\n\t\t\t\t\t\t\t\t\t<ol>\n<li><strong> Allm\u00e4nt<\/strong><\/li>\n<\/ol>\n<p>Denna integritetspolicy beskriver hur <strong>Magma S.A.P. Sp. z o.o.<\/strong> (\u201dMagma S.A.P.\u201d, \u201dvi\u201d, \u201doss\u201d) behandlar personuppgifter i samband med anv\u00e4ndning av v\u00e5ra tj\u00e4nster, produkter och webbplatser, inklusive <a href=\"http:\/\/www.magmasap.com\"><strong>www.magmasap.com<\/strong><\/a>.<br \/>Vi v\u00e4rnar om din personliga integritet och behandlar personuppgifter i enlighet med g\u00e4llande dataskyddslagstiftning \u2013 <strong>Europaparlamentets och r\u00e5dets f\u00f6rordning (EU) 2016\/679 (GDPR)<\/strong> samt den <strong>polska dataskyddslagen av den 10 maj 2018<\/strong>.<\/p>\n<p><strong>Personuppgiftsansvarig:<\/strong><br \/>Magma S.A.P. Sp. z o.o.<br \/>ul. E\u0142cka 73, 19-200 Grajewo, Polen<br \/>E-post: info@magmasap.com<\/p>\n<p><strong>Dataskyddsombud:<\/strong><br \/>Edyta \u017bywno<br \/>E-post: edyta.zywno@magmasap.com<\/p>\n<p>\u00a0<\/p>\n<ol start=\"2\">\n<li><strong> R\u00e4ttslig grund och \u00e4ndam\u00e5l med behandlingen<\/strong><\/li>\n<\/ol>\n<p>Vi behandlar personuppgifter endast n\u00e4r det finns laglig grund enligt GDPR.<br \/>Behandlingen sker f\u00f6r f\u00f6ljande \u00e4ndam\u00e5l:<\/p>\n<ul>\n<li>hantering av kundf\u00f6rfr\u00e5gningar och kommunikation,<\/li>\n<li>tillhandah\u00e5llande av tj\u00e4nster och produkter,<\/li>\n<li>administration av avtal och kundrelationer,<\/li>\n<li>marknadsf\u00f6ring och information (endast efter uttryckligt samtycke),<\/li>\n<li>s\u00e4kerst\u00e4llande av drift, utveckling och skydd av v\u00e5ra IT-system.<\/li>\n<\/ul>\n<p>Den r\u00e4ttsliga grunden \u00e4r i huvudsak:<\/p>\n<ul>\n<li><strong>samtycke<\/strong>,<\/li>\n<li><strong>avtalsf\u00f6rpliktelse<\/strong>,<\/li>\n<li><strong>r\u00e4ttslig f\u00f6rpliktelse<\/strong>, eller<\/li>\n<li><strong>ber\u00e4ttigat intresse<\/strong> (t.ex. administration, kundservice, s\u00e4kerhet).<\/li>\n<\/ul>\n<p>\u00a0<\/p>\n<ol start=\"3\">\n<li><strong> Kategorier av personuppgifter<\/strong><\/li>\n<\/ol>\n<p>Vi kan behandla f\u00f6ljande typer av uppgifter:<\/p>\n<ul>\n<li>namn och kontaktuppgifter (adress, e-post, telefonnummer),<\/li>\n<li>uppgifter som l\u00e4mnas i kontaktformul\u00e4r eller vid offertf\u00f6rfr\u00e5gningar,<\/li>\n<li>uppgifter som r\u00f6r avtal, best\u00e4llningar eller projekt,<\/li>\n<li>tekniska uppgifter, som IP-adress och cookie-identifierare (se <em>Cookiepolicy<\/em>).<\/li>\n<\/ul>\n<p>\u00a0<\/p>\n<ol start=\"4\">\n<li><strong> Hur vi samlar in uppgifter<\/strong><\/li>\n<\/ol>\n<p>Uppgifter samlas in p\u00e5 f\u00f6ljande s\u00e4tt:<\/p>\n<ul>\n<li>n\u00e4r du sj\u00e4lv l\u00e4mnar dem via formul\u00e4r, e-post eller annan kontakt,<\/li>\n<li>automatiskt genom cookies eller motsvarande teknik p\u00e5 webbplatsen.<\/li>\n<\/ul>\n<p>\u00a0<\/p>\n<ol start=\"5\">\n<li><strong> Lagringstid<\/strong><\/li>\n<\/ol>\n<p>Personuppgifter lagras endast s\u00e5 l\u00e4nge det kr\u00e4vs f\u00f6r respektive \u00e4ndam\u00e5l, eller enligt g\u00e4llande r\u00e4ttsliga krav.<br \/>Som huvudregel lagras uppgifter i <strong>h\u00f6gst fem (5) \u00e5r<\/strong>, d\u00e4refter raderas eller anonymiseras de.<\/p>\n<p>\u00a0<\/p>\n<ol start=\"6\">\n<li><strong> Mottagare av personuppgifter<\/strong><\/li>\n<\/ol>\n<p>Vi kan l\u00e4mna ut uppgifter till:<\/p>\n<ul>\n<li>IT-tj\u00e4nsteleverant\u00f6rer som behandlar uppgifter p\u00e5 uppdrag av Magma S.A.P. enligt personuppgiftsbitr\u00e4desavtal,<\/li>\n<li>myndigheter, om detta kr\u00e4vs enligt lag.<\/li>\n<\/ul>\n<p>Vi \u00f6verf\u00f6r <strong>inte<\/strong> personuppgifter till tredje land utanf\u00f6r EU\/EES och <strong>inte<\/strong> till internationella organisationer.<\/p>\n<p>\u00a0<\/p>\n<ol start=\"7\">\n<li><strong> R\u00e4ttigheter f\u00f6r registrerade personer<\/strong><\/li>\n<\/ol>\n<p>Som registrerad har du enligt GDPR r\u00e4tt att:<\/p>\n<ul>\n<li>f\u00e5 tillg\u00e5ng till dina personuppgifter,<\/li>\n<li>beg\u00e4ra r\u00e4ttelse av felaktiga eller ofullst\u00e4ndiga uppgifter,<\/li>\n<li>beg\u00e4ra radering av uppgifter (\u201dr\u00e4tten att bli bortgl\u00f6md\u201d),<\/li>\n<li>beg\u00e4ra begr\u00e4nsning av behandlingen,<\/li>\n<li>inv\u00e4nda mot behandling som grundas p\u00e5 ber\u00e4ttigat intresse,<\/li>\n<li>f\u00e5 ut dina uppgifter i ett strukturerat och maskinl\u00e4sbart format (dataportabilitet),<\/li>\n<li>\u00e5terkalla l\u00e4mnat samtycke, utan att det p\u00e5verkar lagligheten av tidigare behandling.<\/li>\n<\/ul>\n<p>F\u00f6r att ut\u00f6va dessa r\u00e4ttigheter kan du kontakta oss p\u00e5 <strong>info@magmasap.com<\/strong> eller v\u00e5rt dataskyddsombud p\u00e5 <strong>edyta.zywno@magmasap.com<\/strong>.<\/p>\n<p>Om du anser att dina personuppgifter behandlas i strid med lagstiftningen har du r\u00e4tt att l\u00e4mna klagom\u00e5l till den polska tillsynsmyndigheten:<br \/><strong>Urz\u0105d Ochrony Danych Osobowych (UODO)<\/strong>, ul. Stawki 2, 00-193 Warszawa, Polen.<br \/>Om du \u00e4r bosatt i Sverige kan du \u00e4ven v\u00e4nda dig till <strong>Integritetsskyddsmyndigheten (IMY)<\/strong>, Box 8114, 104 20 Stockholm.<\/p>\n<p>\u00a0<\/p>\n<ol start=\"8\">\n<li><strong> S\u00e4kerhets\u00e5tg\u00e4rder<\/strong><\/li>\n<\/ol>\n<p>Vi har inf\u00f6rt tekniska och organisatoriska s\u00e4kerhets\u00e5tg\u00e4rder f\u00f6r att skydda personuppgifter mot obeh\u00f6rig \u00e5tkomst, f\u00f6rlust, \u00e4ndring eller spridning. Dessa \u00e5tg\u00e4rder granskas och uppdateras regelbundet.<\/p>\n<p>\u00a0<\/p>\n<ol start=\"9\">\n<li><strong> Automatiserat beslutsfattande och profilering<\/strong><\/li>\n<\/ol>\n<p>Magma S.A.P. anv\u00e4nder inte automatiserat beslutsfattande som p\u00e5verkar enskilda r\u00e4ttsligt eller p\u00e5 liknande s\u00e4tt.<br \/>Profilering f\u00f6r marknadsf\u00f6rings\u00e4ndam\u00e5l kan f\u00f6rekomma via verktyg som <strong>Google Analytics<\/strong>, <strong>Facebook<\/strong> eller <strong>LinkedIn<\/strong>.<br \/>Du kan n\u00e4r som helst inv\u00e4nda mot s\u00e5dan behandling genom att justera dina webbl\u00e4sarinst\u00e4llningar eller kontakta oss.<\/p>\n<p>\u00a0<\/p>\n<ol start=\"10\">\n<li><strong> \u00c4ndringar av policyn<\/strong><\/li>\n<\/ol>\n<p>Vi kan uppdatera denna integritetspolicy vid behov, till exempel vid lag\u00e4ndringar eller f\u00f6r\u00e4ndringar i v\u00e5ra interna rutiner. Den senaste versionen finns alltid tillg\u00e4nglig p\u00e5 <a href=\"http:\/\/www.magmasap.com\"><strong>www.magmasap.com<\/strong><\/a>.<br \/>V\u00e4sentliga \u00e4ndringar kommer att kommuniceras tydligt p\u00e5 webbplatsen.<\/p>\n<p>\u00a0<\/p>\n<ol start=\"11\">\n<li><strong> Kontakt<\/strong><\/li>\n<\/ol>\n<p>F\u00f6r fr\u00e5gor om denna policy eller v\u00e5r hantering av personuppgifter:<br \/><strong>Magma S.A.P. Sp. z o.o.<\/strong><br \/>ul. E\u0142cka 73, 19-200 Grajewo, Polen<br \/>E-post: info@magmasap.com<\/p>\n<p><!-- \/wp:list --><\/p>\t\t\t\t\t\t\t\t<\/div>\n\t\t\t\t<\/div>\n\t\t\t\t\t<\/div>\n\t\t<\/div>\n\t\t\t\t\t<\/div>\n\t\t<\/section>\n\t\t\t\t<\/div>","protected":false},"excerpt":{"rendered":"<p>Polityka prywatno\u015bci Polityka prywatno\u015bci serwisu www.magmasap.com Informacje og\u00f3lne Niniejsza Polityka Prywatno\u015bci okre\u015bla zasady przetwarzania i ochrony danych osobowych przekazanych przez U\u017cytkownik\u00f3w w zwi\u0105zku z korzystaniem przez nich&nbsp;&nbsp;z us\u0142ug i towar\u00f3w proponowanych w serwisie internetowym www.magmasap.com Administratorem danych osobowych zawartych w serwisie jest&nbsp;Magma S.A.P sp. Z o.o. z siedzib\u0105 w Grajewie przy ulicy E\u0142ckiej 73, 19-200 [&hellip;]<\/p>","protected":false},"author":1,"featured_media":0,"parent":0,"menu_order":0,"comment_status":"closed","ping_status":"closed","template":"","meta":{"footnotes":""},"class_list":["post-3","page","type-page","status-publish","hentry"],"yoast_head":"<!-- This site is optimized with the Yoast SEO plugin v27.4 - https:\/\/yoast.com\/product\/yoast-seo-wordpress\/ -->\n<title>Polityka prywatno\u015bci - Magma<\/title>\n<meta name=\"robots\" content=\"index, follow, max-snippet:-1, max-image-preview:large, max-video-preview:-1\" \/>\n<link rel=\"canonical\" href=\"https:\/\/www.magmasap.com\/sv\/polityka-prywatnosci\/\" \/>\n<meta property=\"og:locale\" content=\"sv_SE\" \/>\n<meta property=\"og:type\" content=\"article\" \/>\n<meta property=\"og:title\" content=\"Polityka prywatno\u015bci - Magma\" \/>\n<meta property=\"og:description\" content=\"Polityka prywatno\u015bci Polityka prywatno\u015bci serwisu www.magmasap.com Informacje og\u00f3lne Niniejsza Polityka Prywatno\u015bci okre\u015bla zasady przetwarzania i ochrony danych osobowych przekazanych przez U\u017cytkownik\u00f3w w zwi\u0105zku z korzystaniem przez nich&nbsp;&nbsp;z us\u0142ug i towar\u00f3w proponowanych w serwisie internetowym www.magmasap.com Administratorem danych osobowych zawartych w serwisie jest&nbsp;Magma S.A.P sp. Z o.o. z siedzib\u0105 w Grajewie przy ulicy E\u0142ckiej 73, 19-200 [&hellip;]\" \/>\n<meta property=\"og:url\" content=\"https:\/\/www.magmasap.com\/sv\/polityka-prywatnosci\/\" \/>\n<meta property=\"og:site_name\" content=\"Magma\" \/>\n<meta property=\"article:modified_time\" content=\"2025-11-17T13:55:42+00:00\" \/>\n<meta property=\"og:image\" content=\"https:\/\/www.magmasap.com\/wp-content\/uploads\/2021\/03\/magma-logo.png\" \/>\n\t<meta property=\"og:image:width\" content=\"1614\" \/>\n\t<meta property=\"og:image:height\" content=\"461\" \/>\n\t<meta property=\"og:image:type\" content=\"image\/png\" \/>\n<meta name=\"twitter:card\" content=\"summary_large_image\" \/>\n<meta name=\"twitter:label1\" content=\"Ber\u00e4knad l\u00e4stid\" \/>\n\t<meta name=\"twitter:data1\" content=\"14 minuter\" \/>\n<script type=\"application\/ld+json\" class=\"yoast-schema-graph\">{\"@context\":\"https:\\\/\\\/schema.org\",\"@graph\":[{\"@type\":\"WebPage\",\"@id\":\"https:\\\/\\\/www.magmasap.com\\\/polityka-prywatnosci\\\/\",\"url\":\"https:\\\/\\\/www.magmasap.com\\\/polityka-prywatnosci\\\/\",\"name\":\"Polityka prywatno\u015bci - Magma\",\"isPartOf\":{\"@id\":\"https:\\\/\\\/www.magmasap.com\\\/#website\"},\"datePublished\":\"2021-03-16T09:26:26+00:00\",\"dateModified\":\"2025-11-17T13:55:42+00:00\",\"breadcrumb\":{\"@id\":\"https:\\\/\\\/www.magmasap.com\\\/polityka-prywatnosci\\\/#breadcrumb\"},\"inLanguage\":\"sv-SE\",\"potentialAction\":[{\"@type\":\"ReadAction\",\"target\":[\"https:\\\/\\\/www.magmasap.com\\\/polityka-prywatnosci\\\/\"]}]},{\"@type\":\"BreadcrumbList\",\"@id\":\"https:\\\/\\\/www.magmasap.com\\\/polityka-prywatnosci\\\/#breadcrumb\",\"itemListElement\":[{\"@type\":\"ListItem\",\"position\":1,\"name\":\"Strona g\u0142\u00f3wna\",\"item\":\"https:\\\/\\\/www.magmasap.com\\\/\"},{\"@type\":\"ListItem\",\"position\":2,\"name\":\"Polityka prywatno\u015bci\"}]},{\"@type\":\"WebSite\",\"@id\":\"https:\\\/\\\/www.magmasap.com\\\/#website\",\"url\":\"https:\\\/\\\/www.magmasap.com\\\/\",\"name\":\"Magma\",\"description\":\"Automatyka\",\"publisher\":{\"@id\":\"https:\\\/\\\/www.magmasap.com\\\/#organization\"},\"potentialAction\":[{\"@type\":\"SearchAction\",\"target\":{\"@type\":\"EntryPoint\",\"urlTemplate\":\"https:\\\/\\\/www.magmasap.com\\\/?s={search_term_string}\"},\"query-input\":{\"@type\":\"PropertyValueSpecification\",\"valueRequired\":true,\"valueName\":\"search_term_string\"}}],\"inLanguage\":\"sv-SE\"},{\"@type\":\"Organization\",\"@id\":\"https:\\\/\\\/www.magmasap.com\\\/#organization\",\"name\":\"Magma\",\"url\":\"https:\\\/\\\/www.magmasap.com\\\/\",\"logo\":{\"@type\":\"ImageObject\",\"inLanguage\":\"sv-SE\",\"@id\":\"https:\\\/\\\/www.magmasap.com\\\/#\\\/schema\\\/logo\\\/image\\\/\",\"url\":\"https:\\\/\\\/www.magmasap.com\\\/wp-content\\\/uploads\\\/2021\\\/03\\\/magma-logo.png\",\"contentUrl\":\"https:\\\/\\\/www.magmasap.com\\\/wp-content\\\/uploads\\\/2021\\\/03\\\/magma-logo.png\",\"width\":1614,\"height\":461,\"caption\":\"Magma\"},\"image\":{\"@id\":\"https:\\\/\\\/www.magmasap.com\\\/#\\\/schema\\\/logo\\\/image\\\/\"},\"sameAs\":[\"https:\\\/\\\/www.linkedin.com\\\/company\\\/magma-sap\\\/?originalSubdomain=pl\",\"https:\\\/\\\/www.youtube.com\\\/channel\\\/UCMQ2jA_s-LJJufaj0EHyMog\\\/videos\"]}]}<\/script>\n<!-- \/ Yoast SEO plugin. -->","yoast_head_json":{"title":"Polityka prywatno\u015bci - Magma","robots":{"index":"index","follow":"follow","max-snippet":"max-snippet:-1","max-image-preview":"max-image-preview:large","max-video-preview":"max-video-preview:-1"},"canonical":"https:\/\/www.magmasap.com\/sv\/polityka-prywatnosci\/","og_locale":"sv_SE","og_type":"article","og_title":"Polityka prywatno\u015bci - Magma","og_description":"Polityka prywatno\u015bci Polityka prywatno\u015bci serwisu www.magmasap.com Informacje og\u00f3lne Niniejsza Polityka Prywatno\u015bci okre\u015bla zasady przetwarzania i ochrony danych osobowych przekazanych przez U\u017cytkownik\u00f3w w zwi\u0105zku z korzystaniem przez nich&nbsp;&nbsp;z us\u0142ug i towar\u00f3w proponowanych w serwisie internetowym www.magmasap.com Administratorem danych osobowych zawartych w serwisie jest&nbsp;Magma S.A.P sp. Z o.o. z siedzib\u0105 w Grajewie przy ulicy E\u0142ckiej 73, 19-200 [&hellip;]","og_url":"https:\/\/www.magmasap.com\/sv\/polityka-prywatnosci\/","og_site_name":"Magma","article_modified_time":"2025-11-17T13:55:42+00:00","og_image":[{"width":1614,"height":461,"url":"https:\/\/www.magmasap.com\/wp-content\/uploads\/2021\/03\/magma-logo.png","type":"image\/png"}],"twitter_card":"summary_large_image","twitter_misc":{"Ber\u00e4knad l\u00e4stid":"14 minuter"},"schema":{"@context":"https:\/\/schema.org","@graph":[{"@type":"WebPage","@id":"https:\/\/www.magmasap.com\/polityka-prywatnosci\/","url":"https:\/\/www.magmasap.com\/polityka-prywatnosci\/","name":"Polityka prywatno\u015bci - Magma","isPartOf":{"@id":"https:\/\/www.magmasap.com\/#website"},"datePublished":"2021-03-16T09:26:26+00:00","dateModified":"2025-11-17T13:55:42+00:00","breadcrumb":{"@id":"https:\/\/www.magmasap.com\/polityka-prywatnosci\/#breadcrumb"},"inLanguage":"sv-SE","potentialAction":[{"@type":"ReadAction","target":["https:\/\/www.magmasap.com\/polityka-prywatnosci\/"]}]},{"@type":"BreadcrumbList","@id":"https:\/\/www.magmasap.com\/polityka-prywatnosci\/#breadcrumb","itemListElement":[{"@type":"ListItem","position":1,"name":"Strona g\u0142\u00f3wna","item":"https:\/\/www.magmasap.com\/"},{"@type":"ListItem","position":2,"name":"Polityka prywatno\u015bci"}]},{"@type":"WebSite","@id":"https:\/\/www.magmasap.com\/#website","url":"https:\/\/www.magmasap.com\/","name":"Magma","description":"Automatyka","publisher":{"@id":"https:\/\/www.magmasap.com\/#organization"},"potentialAction":[{"@type":"SearchAction","target":{"@type":"EntryPoint","urlTemplate":"https:\/\/www.magmasap.com\/?s={search_term_string}"},"query-input":{"@type":"PropertyValueSpecification","valueRequired":true,"valueName":"search_term_string"}}],"inLanguage":"sv-SE"},{"@type":"Organization","@id":"https:\/\/www.magmasap.com\/#organization","name":"Magma","url":"https:\/\/www.magmasap.com\/","logo":{"@type":"ImageObject","inLanguage":"sv-SE","@id":"https:\/\/www.magmasap.com\/#\/schema\/logo\/image\/","url":"https:\/\/www.magmasap.com\/wp-content\/uploads\/2021\/03\/magma-logo.png","contentUrl":"https:\/\/www.magmasap.com\/wp-content\/uploads\/2021\/03\/magma-logo.png","width":1614,"height":461,"caption":"Magma"},"image":{"@id":"https:\/\/www.magmasap.com\/#\/schema\/logo\/image\/"},"sameAs":["https:\/\/www.linkedin.com\/company\/magma-sap\/?originalSubdomain=pl","https:\/\/www.youtube.com\/channel\/UCMQ2jA_s-LJJufaj0EHyMog\/videos"]}]}},"_links":{"self":[{"href":"https:\/\/www.magmasap.com\/sv\/wp-json\/wp\/v2\/pages\/3","targetHints":{"allow":["GET"]}}],"collection":[{"href":"https:\/\/www.magmasap.com\/sv\/wp-json\/wp\/v2\/pages"}],"about":[{"href":"https:\/\/www.magmasap.com\/sv\/wp-json\/wp\/v2\/types\/page"}],"author":[{"embeddable":true,"href":"https:\/\/www.magmasap.com\/sv\/wp-json\/wp\/v2\/users\/1"}],"replies":[{"embeddable":true,"href":"https:\/\/www.magmasap.com\/sv\/wp-json\/wp\/v2\/comments?post=3"}],"version-history":[{"count":16,"href":"https:\/\/www.magmasap.com\/sv\/wp-json\/wp\/v2\/pages\/3\/revisions"}],"predecessor-version":[{"id":4076,"href":"https:\/\/www.magmasap.com\/sv\/wp-json\/wp\/v2\/pages\/3\/revisions\/4076"}],"wp:attachment":[{"href":"https:\/\/www.magmasap.com\/sv\/wp-json\/wp\/v2\/media?parent=3"}],"curies":[{"name":"wp","href":"https:\/\/api.w.org\/{rel}","templated":true}]}}